{"id":9,"date":"2026-03-10T10:44:57","date_gmt":"2026-03-10T10:44:57","guid":{"rendered":"https:\/\/events.zatisigroup.cz\/?page_id=9"},"modified":"2026-03-30T08:41:39","modified_gmt":"2026-03-30T08:41:39","slug":"home","status":"publish","type":"page","link":"https:\/\/events.zatisigroup.cz\/","title":{"rendered":"Home"},"content":{"rendered":"\t\t<div data-elementor-type=\"wp-page\" data-elementor-id=\"9\" class=\"elementor elementor-9\">\n\t\t\t\t<div class=\"elementor-element elementor-element-488841a e-flex e-con-boxed e-con e-parent\" data-id=\"488841a\" data-element_type=\"container\" data-e-type=\"container\">\n\t\t\t\t\t<div class=\"e-con-inner\">\n\t\t\t\t<div class=\"elementor-element elementor-element-dcdeedb elementor-widget__width-initial elementor-absolute elementor-widget elementor-widget-heading\" data-id=\"dcdeedb\" data-element_type=\"widget\" data-e-type=\"widget\" data-settings=\"{&quot;_position&quot;:&quot;absolute&quot;}\" data-widget_type=\"heading.default\">\n\t\t\t\t\t<h1 class=\"elementor-heading-title elementor-size-default\">Exceptional venues for unforgettable events in Prague<\/h1>\t\t\t\t<\/div>\n\t\t\t\t<div class=\"elementor-element elementor-element-ec06859 elementor-widget__width-inherit elementor-widget elementor-widget-image\" data-id=\"ec06859\" data-element_type=\"widget\" data-e-type=\"widget\" data-widget_type=\"image.default\">\n\t\t\t\t\t\t\t\t\t\t\t\t\t\t\t<img fetchpriority=\"high\" decoding=\"async\" width=\"800\" height=\"599\" src=\"https:\/\/events.zatisigroup.cz\/wp-content\/uploads\/2026\/03\/mlynec-7_fullhd-1024x767.jpg\" class=\"attachment-large size-large wp-image-253\" alt=\"\" srcset=\"https:\/\/events.zatisigroup.cz\/wp-content\/uploads\/2026\/03\/mlynec-7_fullhd-1024x767.jpg 1024w, https:\/\/events.zatisigroup.cz\/wp-content\/uploads\/2026\/03\/mlynec-7_fullhd-300x225.jpg 300w, https:\/\/events.zatisigroup.cz\/wp-content\/uploads\/2026\/03\/mlynec-7_fullhd-768x576.jpg 768w, https:\/\/events.zatisigroup.cz\/wp-content\/uploads\/2026\/03\/mlynec-7_fullhd.jpg 1441w\" sizes=\"(max-width: 800px) 100vw, 800px\" \/>\t\t\t\t\t\t\t\t\t\t\t\t\t\t\t<\/div>\n\t\t<div class=\"elementor-element elementor-element-bd53c6f e-flex e-con-boxed e-con e-child\" data-id=\"bd53c6f\" data-element_type=\"container\" data-e-type=\"container\">\n\t\t\t\t\t<div class=\"e-con-inner\">\n\t\t\t\t<div class=\"elementor-element elementor-element-a590ea2 elementor-widget elementor-widget-heading\" data-id=\"a590ea2\" data-element_type=\"widget\" data-e-type=\"widget\" data-widget_type=\"heading.default\">\n\t\t\t\t\t<h2 class=\"elementor-heading-title elementor-size-default\">Explore our venues:<\/h2>\t\t\t\t<\/div>\n\t\t\t\t\t<\/div>\n\t\t\t\t<\/div>\n\t\t\t\t\t<\/div>\n\t\t\t\t<\/div>\n\t\t<div class=\"elementor-element elementor-element-426c394 e-flex e-con-boxed e-con e-parent\" data-id=\"426c394\" data-element_type=\"container\" data-e-type=\"container\">\n\t\t\t\t\t<div class=\"e-con-inner\">\n\t\t<div class=\"elementor-element elementor-element-7d77edc e-con-full e-flex e-con e-child\" data-id=\"7d77edc\" data-element_type=\"container\" data-e-type=\"container\">\n\t\t\t\t<div class=\"elementor-element elementor-element-e6f7d76 e-transform elementor-widget elementor-widget-image\" data-id=\"e6f7d76\" data-element_type=\"widget\" data-e-type=\"widget\" data-settings=\"{&quot;_transform_scale_effect_hover&quot;:{&quot;unit&quot;:&quot;px&quot;,&quot;size&quot;:1.03,&quot;sizes&quot;:[]},&quot;_transform_scale_effect_hover_tablet&quot;:{&quot;unit&quot;:&quot;px&quot;,&quot;size&quot;:&quot;&quot;,&quot;sizes&quot;:[]},&quot;_transform_scale_effect_hover_mobile&quot;:{&quot;unit&quot;:&quot;px&quot;,&quot;size&quot;:&quot;&quot;,&quot;sizes&quot;:[]}}\" data-widget_type=\"image.default\">\n\t\t\t\t\t\t\t\t\t\t\t\t\t\t\t<img decoding=\"async\" width=\"800\" height=\"533\" src=\"https:\/\/events.zatisigroup.cz\/wp-content\/uploads\/2026\/03\/WhatsApp-Image-2026-03-04-at-10.30.32-1024x682.jpeg\" class=\"attachment-large size-large wp-image-33\" alt=\"\" srcset=\"https:\/\/events.zatisigroup.cz\/wp-content\/uploads\/2026\/03\/WhatsApp-Image-2026-03-04-at-10.30.32-1024x682.jpeg 1024w, https:\/\/events.zatisigroup.cz\/wp-content\/uploads\/2026\/03\/WhatsApp-Image-2026-03-04-at-10.30.32-300x200.jpeg 300w, https:\/\/events.zatisigroup.cz\/wp-content\/uploads\/2026\/03\/WhatsApp-Image-2026-03-04-at-10.30.32-768x512.jpeg 768w, https:\/\/events.zatisigroup.cz\/wp-content\/uploads\/2026\/03\/WhatsApp-Image-2026-03-04-at-10.30.32.jpeg 1280w\" sizes=\"(max-width: 800px) 100vw, 800px\" \/>\t\t\t\t\t\t\t\t\t\t\t\t\t\t\t<\/div>\n\t\t\t\t<\/div>\n\t\t<div class=\"elementor-element elementor-element-22744c2 e-con-full e-flex e-con e-child\" data-id=\"22744c2\" data-element_type=\"container\" data-e-type=\"container\">\n\t\t<div class=\"elementor-element elementor-element-4109bd1 e-con-full e-flex e-con e-child\" data-id=\"4109bd1\" data-element_type=\"container\" data-e-type=\"container\">\n\t\t\t\t<div class=\"elementor-element elementor-element-354dcda elementor-widget elementor-widget-heading\" data-id=\"354dcda\" data-element_type=\"widget\" data-e-type=\"widget\" data-widget_type=\"heading.default\">\n\t\t\t\t\t<h2 class=\"elementor-heading-title elementor-size-default\">Bursa<\/h2>\t\t\t\t<\/div>\n\t\t\t\t<div class=\"elementor-element elementor-element-259e81d elementor-widget elementor-widget-text-editor\" data-id=\"259e81d\" data-element_type=\"widget\" data-e-type=\"widget\" data-widget_type=\"text-editor.default\">\n\t\t\t\t\t\t\t\t\t<p>Objevte special venue s kapacitou a\u017e 1 000 host\u016f. 2 soukrom\u00e9 salonky, bar&#8230;.<\/p>\t\t\t\t\t\t\t\t<\/div>\n\t\t<div class=\"elementor-element elementor-element-86ff9bc e-flex e-con-boxed e-con e-child\" data-id=\"86ff9bc\" data-element_type=\"container\" data-e-type=\"container\">\n\t\t\t\t\t<div class=\"e-con-inner\">\n\t\t\t\t<div class=\"elementor-element elementor-element-626a95b elementor-widget elementor-widget-button\" data-id=\"626a95b\" data-element_type=\"widget\" data-e-type=\"widget\" data-widget_type=\"button.default\">\n\t\t\t\t\t\t\t\t\t\t<a class=\"elementor-button elementor-button-link elementor-size-sm\" href=\"#\">\n\t\t\t\t\t\t<span class=\"elementor-button-content-wrapper\">\n\t\t\t\t\t\t\t\t\t<span class=\"elementor-button-text\">To explore venue<\/span>\n\t\t\t\t\t<\/span>\n\t\t\t\t\t<\/a>\n\t\t\t\t\t\t\t\t<\/div>\n\t\t\t\t\t<\/div>\n\t\t\t\t<\/div>\n\t\t\t\t<\/div>\n\t\t\t\t<\/div>\n\t\t\t\t\t<\/div>\n\t\t\t\t<\/div>\n\t\t<div class=\"elementor-element elementor-element-bb3729a e-flex e-con-boxed e-con e-parent\" data-id=\"bb3729a\" data-element_type=\"container\" data-e-type=\"container\">\n\t\t\t\t\t<div class=\"e-con-inner\">\n\t\t<div class=\"elementor-element elementor-element-29dcf83 e-con-full e-flex e-con e-child\" data-id=\"29dcf83\" data-element_type=\"container\" data-e-type=\"container\">\n\t\t<div class=\"elementor-element elementor-element-b1014b0 e-con-full e-flex e-con e-child\" data-id=\"b1014b0\" data-element_type=\"container\" data-e-type=\"container\">\n\t\t\t\t<div class=\"elementor-element elementor-element-dbfb932 elementor-widget elementor-widget-heading\" data-id=\"dbfb932\" data-element_type=\"widget\" data-e-type=\"widget\" data-widget_type=\"heading.default\">\n\t\t\t\t\t<h2 class=\"elementor-heading-title elementor-size-default\">Ml\u00fdnec<\/h2>\t\t\t\t<\/div>\n\t\t\t\t<div class=\"elementor-element elementor-element-9229e2c elementor-widget elementor-widget-text-editor\" data-id=\"9229e2c\" data-element_type=\"widget\" data-e-type=\"widget\" data-widget_type=\"text-editor.default\">\n\t\t\t\t\t\t\t\t\t<p><span style=\"font-family: Roboto, sans-serif;\">Objevte special venue s kapacitou a\u017e 1 000 host\u016f. 2 soukrom\u00e9 salonky, bar&#8230;.<\/span><\/p>\t\t\t\t\t\t\t\t<\/div>\n\t\t<div class=\"elementor-element elementor-element-590f3eb e-flex e-con-boxed e-con e-child\" data-id=\"590f3eb\" data-element_type=\"container\" data-e-type=\"container\">\n\t\t\t\t\t<div class=\"e-con-inner\">\n\t\t\t\t<div class=\"elementor-element elementor-element-14445aa elementor-widget elementor-widget-button\" data-id=\"14445aa\" data-element_type=\"widget\" data-e-type=\"widget\" data-widget_type=\"button.default\">\n\t\t\t\t\t\t\t\t\t\t<a class=\"elementor-button elementor-button-link elementor-size-sm\" href=\"https:\/\/www.mlynec.cz\/cz\/\">\n\t\t\t\t\t\t<span class=\"elementor-button-content-wrapper\">\n\t\t\t\t\t\t\t\t\t<span class=\"elementor-button-text\">To explore venue<\/span>\n\t\t\t\t\t<\/span>\n\t\t\t\t\t<\/a>\n\t\t\t\t\t\t\t\t<\/div>\n\t\t\t\t\t<\/div>\n\t\t\t\t<\/div>\n\t\t\t\t<\/div>\n\t\t\t\t<\/div>\n\t\t<div class=\"elementor-element elementor-element-618edcb e-con-full e-flex e-con e-child\" data-id=\"618edcb\" data-element_type=\"container\" data-e-type=\"container\">\n\t\t\t\t<div class=\"elementor-element elementor-element-2a010b7 e-transform elementor-widget elementor-widget-image\" data-id=\"2a010b7\" data-element_type=\"widget\" data-e-type=\"widget\" data-settings=\"{&quot;_transform_scale_effect_hover&quot;:{&quot;unit&quot;:&quot;px&quot;,&quot;size&quot;:1.03,&quot;sizes&quot;:[]},&quot;_transform_scale_effect_hover_tablet&quot;:{&quot;unit&quot;:&quot;px&quot;,&quot;size&quot;:&quot;&quot;,&quot;sizes&quot;:[]},&quot;_transform_scale_effect_hover_mobile&quot;:{&quot;unit&quot;:&quot;px&quot;,&quot;size&quot;:&quot;&quot;,&quot;sizes&quot;:[]}}\" data-widget_type=\"image.default\">\n\t\t\t\t\t\t\t\t\t\t\t\t\t\t\t<img fetchpriority=\"high\" decoding=\"async\" width=\"800\" height=\"599\" src=\"https:\/\/events.zatisigroup.cz\/wp-content\/uploads\/2026\/03\/mlynec-7_fullhd-1024x767.jpg\" class=\"attachment-large size-large wp-image-253\" alt=\"\" srcset=\"https:\/\/events.zatisigroup.cz\/wp-content\/uploads\/2026\/03\/mlynec-7_fullhd-1024x767.jpg 1024w, https:\/\/events.zatisigroup.cz\/wp-content\/uploads\/2026\/03\/mlynec-7_fullhd-300x225.jpg 300w, https:\/\/events.zatisigroup.cz\/wp-content\/uploads\/2026\/03\/mlynec-7_fullhd-768x576.jpg 768w, https:\/\/events.zatisigroup.cz\/wp-content\/uploads\/2026\/03\/mlynec-7_fullhd.jpg 1441w\" sizes=\"(max-width: 800px) 100vw, 800px\" \/>\t\t\t\t\t\t\t\t\t\t\t\t\t\t\t<\/div>\n\t\t\t\t<\/div>\n\t\t\t\t\t<\/div>\n\t\t\t\t<\/div>\n\t\t<div class=\"elementor-element elementor-element-8ced315 e-flex e-con-boxed e-con e-parent\" data-id=\"8ced315\" data-element_type=\"container\" data-e-type=\"container\">\n\t\t\t\t\t<div class=\"e-con-inner\">\n\t\t<div class=\"elementor-element elementor-element-df9b3f2 e-con-full e-flex e-con e-child\" data-id=\"df9b3f2\" data-element_type=\"container\" data-e-type=\"container\">\n\t\t\t\t<div class=\"elementor-element elementor-element-5fe1606 e-transform elementor-widget elementor-widget-image\" data-id=\"5fe1606\" data-element_type=\"widget\" data-e-type=\"widget\" data-settings=\"{&quot;_transform_scale_effect_hover&quot;:{&quot;unit&quot;:&quot;px&quot;,&quot;size&quot;:1.03,&quot;sizes&quot;:[]},&quot;_transform_scale_effect_hover_tablet&quot;:{&quot;unit&quot;:&quot;px&quot;,&quot;size&quot;:&quot;&quot;,&quot;sizes&quot;:[]},&quot;_transform_scale_effect_hover_mobile&quot;:{&quot;unit&quot;:&quot;px&quot;,&quot;size&quot;:&quot;&quot;,&quot;sizes&quot;:[]}}\" data-widget_type=\"image.default\">\n\t\t\t\t\t\t\t\t\t\t\t\t\t\t\t<img decoding=\"async\" width=\"800\" height=\"534\" src=\"https:\/\/events.zatisigroup.cz\/wp-content\/uploads\/2026\/03\/DSCF3540_fullhd-1024x683.jpg\" class=\"attachment-large size-large wp-image-124\" alt=\"\" srcset=\"https:\/\/events.zatisigroup.cz\/wp-content\/uploads\/2026\/03\/DSCF3540_fullhd-1024x683.jpg 1024w, https:\/\/events.zatisigroup.cz\/wp-content\/uploads\/2026\/03\/DSCF3540_fullhd-300x200.jpg 300w, https:\/\/events.zatisigroup.cz\/wp-content\/uploads\/2026\/03\/DSCF3540_fullhd-768x512.jpg 768w, https:\/\/events.zatisigroup.cz\/wp-content\/uploads\/2026\/03\/DSCF3540_fullhd-1536x1024.jpg 1536w, https:\/\/events.zatisigroup.cz\/wp-content\/uploads\/2026\/03\/DSCF3540_fullhd.jpg 1620w\" sizes=\"(max-width: 800px) 100vw, 800px\" \/>\t\t\t\t\t\t\t\t\t\t\t\t\t\t\t<\/div>\n\t\t\t\t<\/div>\n\t\t<div class=\"elementor-element elementor-element-b883d29 e-con-full e-flex e-con e-child\" data-id=\"b883d29\" data-element_type=\"container\" data-e-type=\"container\">\n\t\t<div class=\"elementor-element elementor-element-b0b93a6 e-con-full e-flex e-con e-child\" data-id=\"b0b93a6\" data-element_type=\"container\" data-e-type=\"container\">\n\t\t\t\t<div class=\"elementor-element elementor-element-3eee9eb elementor-widget elementor-widget-heading\" data-id=\"3eee9eb\" data-element_type=\"widget\" data-e-type=\"widget\" data-widget_type=\"heading.default\">\n\t\t\t\t\t<h2 class=\"elementor-heading-title elementor-size-default\">V Z\u00e1ti\u0161\u00ed<\/h2>\t\t\t\t<\/div>\n\t\t\t\t<div class=\"elementor-element elementor-element-aaa514d elementor-widget elementor-widget-text-editor\" data-id=\"aaa514d\" data-element_type=\"widget\" data-e-type=\"widget\" data-widget_type=\"text-editor.default\">\n\t\t\t\t\t\t\t\t\t<p>Objevte special venue s kapacitou a\u017e 1 000 host\u016f. 2 soukrom\u00e9 salonky, bar&#8230;.<\/p>\t\t\t\t\t\t\t\t<\/div>\n\t\t<div class=\"elementor-element elementor-element-c039b6b e-flex e-con-boxed e-con e-child\" data-id=\"c039b6b\" data-element_type=\"container\" data-e-type=\"container\">\n\t\t\t\t\t<div class=\"e-con-inner\">\n\t\t\t\t<div class=\"elementor-element elementor-element-2da865d elementor-widget elementor-widget-button\" data-id=\"2da865d\" data-element_type=\"widget\" data-e-type=\"widget\" data-widget_type=\"button.default\">\n\t\t\t\t\t\t\t\t\t\t<a class=\"elementor-button elementor-button-link elementor-size-sm\" href=\"\">\n\t\t\t\t\t\t<span class=\"elementor-button-content-wrapper\">\n\t\t\t\t\t\t\t\t\t<span class=\"elementor-button-text\">To explore venue<\/span>\n\t\t\t\t\t<\/span>\n\t\t\t\t\t<\/a>\n\t\t\t\t\t\t\t\t<\/div>\n\t\t\t\t\t<\/div>\n\t\t\t\t<\/div>\n\t\t\t\t<\/div>\n\t\t\t\t<\/div>\n\t\t\t\t\t<\/div>\n\t\t\t\t<\/div>\n\t\t\t\t<\/div>\n\t\t","protected":false},"excerpt":{"rendered":"<p>Exceptional venues for unforgettable events in Prague Explore our venues: Bursa Objevte special venue s kapacitou a\u017e 1 000 host\u016f. 2 soukrom\u00e9 salonky, bar&#8230;. To explore venue Ml\u00fdnec Objevte special venue s kapacitou a\u017e 1 000 host\u016f. 2 soukrom\u00e9 salonky, bar&#8230;. To explore venue V Z\u00e1ti\u0161\u00ed Objevte special venue s kapacitou a\u017e 1 000 host\u016f. [&hellip;]<\/p>\n","protected":false},"author":1,"featured_media":0,"parent":0,"menu_order":0,"comment_status":"closed","ping_status":"closed","template":"","meta":{"footnotes":""},"class_list":["post-9","page","type-page","status-publish","hentry"],"_links":{"self":[{"href":"https:\/\/events.zatisigroup.cz\/index.php?rest_route=\/wp\/v2\/pages\/9","targetHints":{"allow":["GET"]}}],"collection":[{"href":"https:\/\/events.zatisigroup.cz\/index.php?rest_route=\/wp\/v2\/pages"}],"about":[{"href":"https:\/\/events.zatisigroup.cz\/index.php?rest_route=\/wp\/v2\/types\/page"}],"author":[{"embeddable":true,"href":"https:\/\/events.zatisigroup.cz\/index.php?rest_route=\/wp\/v2\/users\/1"}],"replies":[{"embeddable":true,"href":"https:\/\/events.zatisigroup.cz\/index.php?rest_route=%2Fwp%2Fv2%2Fcomments&post=9"}],"version-history":[{"count":213,"href":"https:\/\/events.zatisigroup.cz\/index.php?rest_route=\/wp\/v2\/pages\/9\/revisions"}],"predecessor-version":[{"id":291,"href":"https:\/\/events.zatisigroup.cz\/index.php?rest_route=\/wp\/v2\/pages\/9\/revisions\/291"}],"wp:attachment":[{"href":"https:\/\/events.zatisigroup.cz\/index.php?rest_route=%2Fwp%2Fv2%2Fmedia&parent=9"}],"curies":[{"name":"wp","href":"https:\/\/api.w.org\/{rel}","templated":true}]}}